{"id":23451,"date":"2025-11-26T16:36:18","date_gmt":"2025-11-26T14:36:18","guid":{"rendered":"https:\/\/varsinais-suomi.kajahdusdev.fi\/regionalplanering-och-trafik\/landskapsplanering\/gallande-landskapsplaner\/naturvarden-och-naturresurser-i-etapplandskapsplanen\/"},"modified":"2026-03-16T15:56:44","modified_gmt":"2026-03-16T13:56:44","slug":"naturvarden-och-naturresurser-i-etapplandskapsplanen","status":"publish","type":"page","link":"https:\/\/varsinais-suomi.fi\/sv\/regionalplanering-och-trafik\/landskapsplanering\/gallande-landskapsplaner\/naturvarden-och-naturresurser-i-etapplandskapsplanen\/","title":{"rendered":"Naturv\u00e4rden och naturresurser i etapplandskapsplanen"},"content":{"rendered":"[vc_row type=&#8221;in_container&#8221; full_screen_row_position=&#8221;middle&#8221; column_margin=&#8221;none&#8221; equal_height=&#8221;yes&#8221; content_placement=&#8221;middle&#8221; column_direction=&#8221;default&#8221; column_direction_tablet=&#8221;default&#8221; column_direction_phone=&#8221;default&#8221; bg_color=&#8221;#ADD8E6&#8243; scene_position=&#8221;center&#8221; text_color=&#8221;dark&#8221; text_align=&#8221;left&#8221; row_border_radius=&#8221;none&#8221; row_border_radius_applies=&#8221;bg&#8221; row_position_desktop=&#8221;default&#8221; row_position_tablet=&#8221;inherit&#8221; row_position_phone=&#8221;inherit&#8221; overflow=&#8221;visible&#8221; id=&#8221;subpagebanner&#8221; overlay_strength=&#8221;0.3&#8243; gradient_direction=&#8221;left_to_right&#8221; shape_divider_position=&#8221;bottom&#8221; bg_image_animation=&#8221;none&#8221; gradient_type=&#8221;default&#8221; shape_type=&#8221;&#8221;][vc_column left_padding_desktop=&#8221;50&#8243; top_padding_tablet=&#8221;50&#8243; bottom_padding_tablet=&#8221;35&#8243; left_padding_tablet=&#8221;25&#8243; right_padding_phone=&#8221;15&#8243; flex_gap_desktop=&#8221;10px&#8221; column_element_direction_desktop=&#8221;default&#8221; column_element_spacing=&#8221;default&#8221; desktop_text_alignment=&#8221;default&#8221; tablet_text_alignment=&#8221;default&#8221; phone_text_alignment=&#8221;default&#8221; background_color_opacity=&#8221;1&#8243; background_hover_color_opacity=&#8221;1&#8243; column_backdrop_filter=&#8221;none&#8221; column_shadow=&#8221;none&#8221; column_border_radius=&#8221;none&#8221; column_link_target=&#8221;_self&#8221; column_position=&#8221;default&#8221; gradient_direction=&#8221;left_to_right&#8221; overlay_strength=&#8221;0.3&#8243; width=&#8221;2\/3&#8243; tablet_width_inherit=&#8221;default&#8221; animation_type=&#8221;default&#8221; bg_image_animation=&#8221;none&#8221; border_type=&#8221;simple&#8221; column_border_width=&#8221;none&#8221; column_border_style=&#8221;solid&#8221; column_padding_type=&#8221;advanced&#8221; gradient_type=&#8221;default&#8221;][nectar_responsive_text inherited_font_style=&#8221;default&#8221; text_color=&#8221;#003554&#8243; text_direction=&#8221;default&#8221;]\n<h1>Etapplandskapsplan f\u00f6r naturv\u00e4rden och naturresurser<\/h1>\n[\/nectar_responsive_text][\/vc_column][vc_column column_padding=&#8221;no-extra-padding&#8221; column_padding_tablet=&#8221;padding-5-percent&#8221; column_padding_phone=&#8221;inherit&#8221; column_padding_position=&#8221;left&#8221; flex_gap_desktop=&#8221;10px&#8221; column_element_direction_desktop=&#8221;default&#8221; column_element_spacing=&#8221;default&#8221; desktop_text_alignment=&#8221;default&#8221; tablet_text_alignment=&#8221;default&#8221; phone_text_alignment=&#8221;default&#8221; background_color_opacity=&#8221;1&#8243; background_hover_color_opacity=&#8221;1&#8243; column_backdrop_filter=&#8221;none&#8221; column_shadow=&#8221;none&#8221; column_border_radius=&#8221;none&#8221; column_link_target=&#8221;_self&#8221; column_position=&#8221;default&#8221; gradient_direction=&#8221;left_to_right&#8221; overlay_strength=&#8221;0.3&#8243; width=&#8221;1\/3&#8243; tablet_width_inherit=&#8221;default&#8221; animation_type=&#8221;default&#8221; bg_image_animation=&#8221;none&#8221; border_type=&#8221;simple&#8221; column_border_width=&#8221;none&#8221; column_border_style=&#8221;solid&#8221; column_padding_type=&#8221;default&#8221; gradient_type=&#8221;default&#8221;][image_with_animation image_url=&#8221;20446&#8243; image_size=&#8221;full&#8221; max_width=&#8221;100%&#8221; max_width_mobile=&#8221;default&#8221; animation_type=&#8221;entrance&#8221; animation=&#8221;None&#8221; animation_movement_type=&#8221;transform_y&#8221; hover_animation=&#8221;none&#8221; alignment=&#8221;&#8221; border_radius=&#8221;none&#8221; box_shadow=&#8221;none&#8221; image_loading=&#8221;default&#8221; mask_enable=&#8221;true&#8221; mask_shape=&#8221;custom&#8221; mask_custom_image=&#8221;16792&#8243; mask_size=&#8221;contain&#8221; translate_y_desktop=&#8221;50&#8243; screen_reader_text=&#8221;bannerikuva&#8221;][\/vc_column][\/vc_row][vc_row type=&#8221;in_container&#8221; full_screen_row_position=&#8221;middle&#8221; column_margin=&#8221;default&#8221; column_direction=&#8221;default&#8221; column_direction_tablet=&#8221;default&#8221; column_direction_phone=&#8221;default&#8221; scene_position=&#8221;center&#8221; top_padding=&#8221;2%&#8221; constrain_group_1=&#8221;yes&#8221; bottom_padding=&#8221;2%&#8221; top_padding_tablet=&#8221;100&#8243; top_padding_phone=&#8221;2%&#8221; constrain_group_5=&#8221;yes&#8221; bottom_padding_phone=&#8221;2%&#8221; text_color=&#8221;dark&#8221; text_align=&#8221;left&#8221; row_border_radius=&#8221;none&#8221; row_border_radius_applies=&#8221;bg&#8221; row_position_desktop=&#8221;default&#8221; row_position_tablet=&#8221;inherit&#8221; row_position_phone=&#8221;inherit&#8221; overflow=&#8221;visible&#8221; id=&#8221;texticon&#8221; overlay_strength=&#8221;0.3&#8243; gradient_direction=&#8221;left_to_right&#8221; shape_divider_position=&#8221;bottom&#8221; bg_image_animation=&#8221;none&#8221; gradient_type=&#8221;default&#8221; shape_type=&#8221;&#8221;][vc_column column_padding=&#8221;no-extra-padding&#8221; column_padding_tablet=&#8221;inherit&#8221; column_padding_phone=&#8221;inherit&#8221; column_padding_position=&#8221;all&#8221; flex_gap_desktop=&#8221;10px&#8221; column_element_direction_desktop=&#8221;default&#8221; column_element_spacing=&#8221;default&#8221; desktop_text_alignment=&#8221;default&#8221; tablet_text_alignment=&#8221;default&#8221; phone_text_alignment=&#8221;default&#8221; background_color_opacity=&#8221;1&#8243; background_hover_color_opacity=&#8221;1&#8243; column_backdrop_filter=&#8221;none&#8221; column_shadow=&#8221;none&#8221; column_border_radius=&#8221;none&#8221; column_link_target=&#8221;_self&#8221; column_position=&#8221;default&#8221; gradient_direction=&#8221;left_to_right&#8221; overlay_strength=&#8221;0.3&#8243; width=&#8221;1\/1&#8243; tablet_width_inherit=&#8221;default&#8221; animation_type=&#8221;default&#8221; bg_image_animation=&#8221;none&#8221; border_type=&#8221;simple&#8221; column_border_width=&#8221;none&#8221; column_border_style=&#8221;solid&#8221;][vc_row_inner column_margin=&#8221;default&#8221; column_direction=&#8221;default&#8221; column_direction_tablet=&#8221;default&#8221; column_direction_phone=&#8221;default&#8221; text_align=&#8221;left&#8221; row_position=&#8221;default&#8221; row_position_tablet=&#8221;inherit&#8221; row_position_phone=&#8221;inherit&#8221; overflow=&#8221;visible&#8221; pointer_events=&#8221;all&#8221;][vc_column_inner left_padding_desktop=&#8221;50&#8243; right_padding_desktop=&#8221;50&#8243; left_padding_tablet=&#8221;0&#8243; right_padding_tablet=&#8221;0&#8243; flex_gap_desktop=&#8221;10px&#8221; column_element_direction_desktop=&#8221;default&#8221; column_element_spacing=&#8221;default&#8221; desktop_text_alignment=&#8221;default&#8221; tablet_text_alignment=&#8221;default&#8221; phone_text_alignment=&#8221;default&#8221; background_color_opacity=&#8221;1&#8243; background_hover_color_opacity=&#8221;1&#8243; column_backdrop_filter=&#8221;none&#8221; column_shadow=&#8221;none&#8221; column_border_radius=&#8221;none&#8221; column_link_target=&#8221;_self&#8221; overflow=&#8221;visible&#8221; gradient_direction=&#8221;left_to_right&#8221; overlay_strength=&#8221;0.3&#8243; width=&#8221;2\/3&#8243; tablet_width_inherit=&#8221;default&#8221; animation_type=&#8221;default&#8221; bg_image_animation=&#8221;none&#8221; border_type=&#8221;simple&#8221; column_border_width=&#8221;none&#8221; column_border_style=&#8221;solid&#8221; column_padding_type=&#8221;advanced&#8221; gradient_type=&#8221;default&#8221;][nectar_responsive_text inherited_font_style=&#8221;default&#8221; text_direction=&#8221;default&#8221; class_name=&#8221;ph5&#8243;]Etapplandskapsplanen behandlar anv\u00e4ndningen av naturresurser ur ett cirkul\u00e4rt ekonomi- och bioekonomi-perspektiv, bevarandet av v\u00e4rdefulla naturomr\u00e5den samt tryggheten f\u00f6r rekreationsomr\u00e5den i landskapet. Planen samordnar temana till en helhet som st\u00f6der varandra.[\/nectar_responsive_text][\/vc_column_inner][vc_column_inner column_padding=&#8221;no-extra-padding&#8221; column_padding_tablet=&#8221;inherit&#8221; column_padding_phone=&#8221;inherit&#8221; column_padding_position=&#8221;all&#8221; flex_gap_desktop=&#8221;10px&#8221; column_element_direction_desktop=&#8221;default&#8221; column_element_spacing=&#8221;default&#8221; desktop_text_alignment=&#8221;default&#8221; tablet_text_alignment=&#8221;default&#8221; phone_text_alignment=&#8221;default&#8221; background_color_opacity=&#8221;1&#8243; background_hover_color_opacity=&#8221;1&#8243; column_backdrop_filter=&#8221;none&#8221; column_shadow=&#8221;none&#8221; column_border_radius=&#8221;none&#8221; column_link_target=&#8221;_self&#8221; overflow=&#8221;visible&#8221; gradient_direction=&#8221;left_to_right&#8221; overlay_strength=&#8221;0.3&#8243; width=&#8221;1\/3&#8243; tablet_width_inherit=&#8221;default&#8221; animation_type=&#8221;default&#8221; bg_image_animation=&#8221;none&#8221; border_type=&#8221;simple&#8221; column_border_width=&#8221;none&#8221; column_border_style=&#8221;solid&#8221;][\/vc_column_inner][\/vc_row_inner][\/vc_column][\/vc_row][vc_row type=&#8221;in_container&#8221; full_screen_row_position=&#8221;middle&#8221; column_margin=&#8221;50px&#8221; equal_height=&#8221;yes&#8221; content_placement=&#8221;middle&#8221; column_direction=&#8221;default&#8221; column_direction_tablet=&#8221;default&#8221; column_direction_phone=&#8221;default&#8221; scene_position=&#8221;center&#8221; constrain_group_2=&#8221;yes&#8221; constrain_group_6=&#8221;yes&#8221; bottom_margin=&#8221;50&#8243; text_color=&#8221;dark&#8221; text_align=&#8221;left&#8221; row_border_radius=&#8221;none&#8221; row_border_radius_applies=&#8221;bg&#8221; row_position_desktop=&#8221;default&#8221; row_position_tablet=&#8221;inherit&#8221; row_position_phone=&#8221;inherit&#8221; overflow=&#8221;visible&#8221; id=&#8221;bluecolumnyellowbuttons&#8221; overlay_strength=&#8221;0.3&#8243; gradient_direction=&#8221;left_to_right&#8221; shape_divider_position=&#8221;bottom&#8221; bg_image_animation=&#8221;none&#8221; gradient_type=&#8221;default&#8221; shape_type=&#8221;&#8221;][vc_column column_padding=&#8221;padding-5-percent&#8221; column_padding_tablet=&#8221;inherit&#8221; column_padding_phone=&#8221;inherit&#8221; column_padding_position=&#8221;all&#8221; flex_gap_desktop=&#8221;10px&#8221; column_element_direction_desktop=&#8221;default&#8221; column_element_spacing=&#8221;default&#8221; desktop_text_alignment=&#8221;default&#8221; tablet_text_alignment=&#8221;default&#8221; phone_text_alignment=&#8221;default&#8221; background_color=&#8221;#ADD8E6&#8243; background_color_opacity=&#8221;1&#8243; background_hover_color_opacity=&#8221;1&#8243; column_backdrop_filter=&#8221;none&#8221; column_shadow=&#8221;none&#8221; column_border_radius=&#8221;none&#8221; column_link_target=&#8221;_self&#8221; column_position=&#8221;default&#8221; gradient_direction=&#8221;left_to_right&#8221; overlay_strength=&#8221;0.3&#8243; width=&#8221;1\/2&#8243; tablet_width_inherit=&#8221;default&#8221; animation_type=&#8221;default&#8221; bg_image_animation=&#8221;none&#8221; border_type=&#8221;simple&#8221; column_border_width=&#8221;none&#8221; column_border_style=&#8221;solid&#8221; column_padding_type=&#8221;default&#8221; gradient_type=&#8221;default&#8221;][nectar_responsive_text inherited_font_style=&#8221;default&#8221; text_color=&#8221;#003554&#8243; text_direction=&#8221;default&#8221;]Behovet av att granska anv\u00e4ndningen av naturresurser har uppst\u00e5tt s\u00e4rskilt p\u00e5 grund av m\u00e5len att \u00f6ka anv\u00e4ndningen av f\u00f6rnybar energi och cirkul\u00e4r ekonomi. I planen utreds de omr\u00e5den som \u00e4r viktiga f\u00f6r den biologiska m\u00e5ngfalden och de ekologiska n\u00e4tverken. F\u00f6rekomsten av fungerande och omfattande rekreationsleder och -omr\u00e5den \u00e4r en central f\u00f6ruts\u00e4ttning f\u00f6r en trivsam livsmilj\u00f6 och en del av den regionala turismn\u00e4ringen.[\/nectar_responsive_text][nectar_btn size=&#8221;large&#8221; button_style=&#8221;regular&#8221; button_color_2=&#8221;Accent-Color&#8221; icon_family=&#8221;none&#8221; text=&#8221;Planmaterial som pdf-filer i materialbanken&#8221; url=&#8221;https:\/\/varsinais-suomi.fi\/liitto\/organisaatio\/aineistopankki?types%5B%5D=maakuntakaava-aineisto&amp;topics%5B%5D=luonnonarvojen-ja-varojen-vaihemaakuntakaava&#8221;][\/vc_column][vc_column column_padding=&#8221;no-extra-padding&#8221; column_padding_tablet=&#8221;inherit&#8221; column_padding_phone=&#8221;inherit&#8221; column_padding_position=&#8221;all&#8221; flex_gap_desktop=&#8221;10px&#8221; column_element_direction_desktop=&#8221;default&#8221; column_element_spacing=&#8221;default&#8221; desktop_text_alignment=&#8221;default&#8221; tablet_text_alignment=&#8221;default&#8221; phone_text_alignment=&#8221;default&#8221; background_color_opacity=&#8221;1&#8243; background_hover_color_opacity=&#8221;1&#8243; column_backdrop_filter=&#8221;none&#8221; column_shadow=&#8221;none&#8221; column_border_radius=&#8221;none&#8221; column_link_target=&#8221;_self&#8221; column_position=&#8221;default&#8221; gradient_direction=&#8221;left_to_right&#8221; overlay_strength=&#8221;0.3&#8243; width=&#8221;1\/2&#8243; tablet_width_inherit=&#8221;default&#8221; animation_type=&#8221;default&#8221; bg_image_animation=&#8221;none&#8221; border_type=&#8221;simple&#8221; column_border_width=&#8221;none&#8221; column_border_style=&#8221;solid&#8221;][nectar_responsive_text inherited_font_style=&#8221;default&#8221; text_color=&#8221;#003554&#8243; text_direction=&#8221;default&#8221;]\n<h3>Bekanta dig med det digitala planmaterialet<\/h3>\n<p>Materialet inneh\u00e5ller plankarta, bilagakartor samt den g\u00e4llande helhetslandskapsplanen.[\/nectar_responsive_text][nectar_btn size=&#8221;large&#8221; button_style=&#8221;regular&#8221; button_color_2=&#8221;Extra-Color-2&#8243; solid_text_color_override=&#8221;#003554&#8243; icon_family=&#8221;none&#8221; text=&#8221;Digital plan&#8221; url=&#8221;https:\/\/storymaps.arcgis.com\/stories\/be4a524748bf49cfb831aee2b30b79c4&#8243; margin_right=&#8221;15&#8243;][nectar_btn size=&#8221;large&#8221; button_style=&#8221;regular&#8221; button_color_2=&#8221;Extra-Color-2&#8243; solid_text_color_override=&#8221;#003554&#8243; icon_family=&#8221;fontawesome&#8221; text=&#8221;Digitalt bakgrundsmaterial f\u00f6r landskapsplanen&#8221; url=&#8221;https:\/\/v-sliitto.maps.arcgis.com\/apps\/MapSeries\/index.html?appid=d41e13eb65a14aad8c96ddce02e65074&#8243; margin_right=&#8221;15&#8243;][nectar_btn size=&#8221;large&#8221; button_style=&#8221;regular&#8221; button_color_2=&#8221;Extra-Color-2&#8243; solid_text_color_override=&#8221;#003554&#8243; icon_family=&#8221;none&#8221; text=&#8221;Utredningar som utnyttjats vid beredningen av landskapsplanen som pdf-filer i materialbanken&#8221; url=&#8221;https:\/\/varsinais-suomi.fi\/liitto\/organisaatio\/aineistopankki?types%5B%5D=selvitys&amp;topics%5B%5D=luonnonarvojen-ja-varojen-vaihemaakuntakaava&#8221; margin_right=&#8221;15&#8243;][\/vc_column][\/vc_row][vc_row type=&#8221;in_container&#8221; full_screen_row_position=&#8221;middle&#8221; column_margin=&#8221;default&#8221; column_direction=&#8221;default&#8221; column_direction_tablet=&#8221;default&#8221; column_direction_phone=&#8221;default&#8221; scene_position=&#8221;center&#8221; text_color=&#8221;dark&#8221; text_align=&#8221;left&#8221; row_border_radius=&#8221;none&#8221; row_border_radius_applies=&#8221;bg&#8221; row_position_desktop=&#8221;default&#8221; row_position_tablet=&#8221;inherit&#8221; row_position_phone=&#8221;inherit&#8221; overflow=&#8221;visible&#8221; overlay_strength=&#8221;0.3&#8243; gradient_direction=&#8221;left_to_right&#8221; shape_divider_position=&#8221;bottom&#8221; bg_image_animation=&#8221;none&#8221;][vc_column column_padding=&#8221;no-extra-padding&#8221; column_padding_tablet=&#8221;inherit&#8221; column_padding_phone=&#8221;inherit&#8221; column_padding_position=&#8221;all&#8221; flex_gap_desktop=&#8221;10px&#8221; column_element_direction_desktop=&#8221;default&#8221; column_element_spacing=&#8221;default&#8221; desktop_text_alignment=&#8221;default&#8221; tablet_text_alignment=&#8221;default&#8221; phone_text_alignment=&#8221;default&#8221; background_color_opacity=&#8221;1&#8243; background_hover_color_opacity=&#8221;1&#8243; column_backdrop_filter=&#8221;none&#8221; column_shadow=&#8221;none&#8221; column_border_radius=&#8221;none&#8221; column_link_target=&#8221;_self&#8221; column_position=&#8221;default&#8221; gradient_direction=&#8221;left_to_right&#8221; overlay_strength=&#8221;0.3&#8243; width=&#8221;1\/4&#8243; tablet_width_inherit=&#8221;default&#8221; animation_type=&#8221;default&#8221; bg_image_animation=&#8221;none&#8221; border_type=&#8221;simple&#8221; column_border_width=&#8221;none&#8221; column_border_style=&#8221;solid&#8221;]<div class=\"vsliitto-contact-card vsliitto-vc-contact-card\" data-style=\"with-image\" role=\"article\" aria-labelledby=\"contact-15361\">\n\n\t<div class=\"vsliitto-contact-card-inner\">\n\t\t\t\t\t\t\t\t\t<div class=\"vsliitto-contact-card-image\">\n\t\t\t\t\t<img decoding=\"async\" width=\"300\" height=\"300\" src=\"https:\/\/varsinais-suomi.fi\/wp-content\/uploads\/2021\/06\/Juvonen_Timo-2.jpg\" class=\"contact-photo wp-post-image\" alt=\"\" srcset=\"https:\/\/varsinais-suomi.fi\/wp-content\/uploads\/2021\/06\/Juvonen_Timo-2.jpg 1536w, https:\/\/varsinais-suomi.fi\/wp-content\/uploads\/2021\/06\/Juvonen_Timo-2-150x150.jpg 150w, https:\/\/varsinais-suomi.fi\/wp-content\/uploads\/2021\/06\/Juvonen_Timo-2-500x500.jpg 500w, https:\/\/varsinais-suomi.fi\/wp-content\/uploads\/2021\/06\/Juvonen_Timo-2-1000x1000.jpg 1000w, https:\/\/varsinais-suomi.fi\/wp-content\/uploads\/2021\/06\/Juvonen_Timo-2-800x800.jpg 800w\" sizes=\"(max-width: 300px) 100vw, 300px\" \/>\t\t\t\t<\/div>\n\t\t\t\t\t\n\t\t<div class=\"vsliitto-contact-card-meta\">\n\t\t\t<h5 class=\"vsliitto-contact-card-name\" id=\"contact-15361\">\n\t\t\t\t<a href=\"https:\/\/varsinais-suomi.fi\/yhteystiedot\/timo-juvonen\/\">Timo Juvonen<\/a>\n\t\t\t<\/h5>\n\n\t\t\t\t\t\t\t<div class=\"vsliitto-contact-card-position\">erikoissuunnittelija, ymp\u00e4rist\u00f6 ja merialuesuunnittelu<\/div>\n\t\t\t\n\t\t\t\n\t\t\t<div class=\"vsliitto-contact-card-details\">\n\t\t\t\t\t\t\t\t\t<span class=\"vsliitto-contact-card-phone\">\n\t\t\t\t\t\t<a href=\"tel:+358408295543\">\n\t\t\t\t\t\t\t+358 40 829 5543\t\t\t\t\t\t<\/a>\n\t\t\t\t\t<\/span>\n\t\t\t\t\n\t\t\t\t\t\t\t\t\t<a href=\"mailto:etunimi.sukunimi@varsinais-suomi.fi\" class=\"vsliitto-contact-card-email\">\n\t\t\t\t\t\tetunimi.sukunimi@varsinais-suomi.fi\t\t\t\t\t<\/a>\n\t\t\t\t\t\t\t<\/div>\n\t\t<\/div>\n\t<\/div>\n<\/div>\n[\/vc_column][vc_column column_padding=&#8221;no-extra-padding&#8221; column_padding_tablet=&#8221;inherit&#8221; column_padding_phone=&#8221;inherit&#8221; column_padding_position=&#8221;all&#8221; flex_gap_desktop=&#8221;10px&#8221; column_element_direction_desktop=&#8221;default&#8221; column_element_spacing=&#8221;default&#8221; desktop_text_alignment=&#8221;default&#8221; tablet_text_alignment=&#8221;default&#8221; phone_text_alignment=&#8221;default&#8221; background_color_opacity=&#8221;1&#8243; background_hover_color_opacity=&#8221;1&#8243; column_backdrop_filter=&#8221;none&#8221; column_shadow=&#8221;none&#8221; column_border_radius=&#8221;none&#8221; column_link_target=&#8221;_self&#8221; column_position=&#8221;default&#8221; gradient_direction=&#8221;left_to_right&#8221; overlay_strength=&#8221;0.3&#8243; width=&#8221;1\/4&#8243; tablet_width_inherit=&#8221;default&#8221; animation_type=&#8221;default&#8221; bg_image_animation=&#8221;none&#8221; border_type=&#8221;simple&#8221; column_border_width=&#8221;none&#8221; column_border_style=&#8221;solid&#8221;]<div class=\"vsliitto-contact-card vsliitto-vc-contact-card\" data-style=\"with-image\" role=\"article\" aria-labelledby=\"contact-15441\">\n\n\t<div class=\"vsliitto-contact-card-inner\">\n\t\t\t\t\t\t\t\t\t<div class=\"vsliitto-contact-card-image\">\n\t\t\t\t\t<img decoding=\"async\" width=\"300\" height=\"300\" src=\"https:\/\/varsinais-suomi.fi\/wp-content\/uploads\/2025\/11\/Koskinen_Arttu-2.jpg\" class=\"contact-photo wp-post-image\" alt=\"\" srcset=\"https:\/\/varsinais-suomi.fi\/wp-content\/uploads\/2025\/11\/Koskinen_Arttu-2.jpg 2000w, https:\/\/varsinais-suomi.fi\/wp-content\/uploads\/2025\/11\/Koskinen_Arttu-2-150x150.jpg 150w, https:\/\/varsinais-suomi.fi\/wp-content\/uploads\/2025\/11\/Koskinen_Arttu-2-500x500.jpg 500w, https:\/\/varsinais-suomi.fi\/wp-content\/uploads\/2025\/11\/Koskinen_Arttu-2-1000x1000.jpg 1000w, https:\/\/varsinais-suomi.fi\/wp-content\/uploads\/2025\/11\/Koskinen_Arttu-2-800x800.jpg 800w\" sizes=\"(max-width: 300px) 100vw, 300px\" \/>\t\t\t\t<\/div>\n\t\t\t\t\t\n\t\t<div class=\"vsliitto-contact-card-meta\">\n\t\t\t<h5 class=\"vsliitto-contact-card-name\" id=\"contact-15441\">\n\t\t\t\t<a href=\"https:\/\/varsinais-suomi.fi\/yhteystiedot\/arttu-koskinen\/\">Arttu Koskinen<\/a>\n\t\t\t<\/h5>\n\n\t\t\t\t\t\t\t<div class=\"vsliitto-contact-card-position\">erikoissuunnittelija, virkistys ja viherrakenne<\/div>\n\t\t\t\n\t\t\t\n\t\t\t<div class=\"vsliitto-contact-card-details\">\n\t\t\t\t\t\t\t\t\t<span class=\"vsliitto-contact-card-phone\">\n\t\t\t\t\t\t<a href=\"tel:+358406691186\">\n\t\t\t\t\t\t\t+358 40 669 1186\t\t\t\t\t\t<\/a>\n\t\t\t\t\t<\/span>\n\t\t\t\t\n\t\t\t\t\t\t\t\t\t<a href=\"mailto:etunimi.sukunimi@varsinais-suomi.fi\" class=\"vsliitto-contact-card-email\">\n\t\t\t\t\t\tetunimi.sukunimi@varsinais-suomi.fi\t\t\t\t\t<\/a>\n\t\t\t\t\t\t\t<\/div>\n\t\t<\/div>\n\t<\/div>\n<\/div>\n[\/vc_column][vc_column column_padding=&#8221;no-extra-padding&#8221; column_padding_tablet=&#8221;inherit&#8221; column_padding_phone=&#8221;inherit&#8221; column_padding_position=&#8221;all&#8221; flex_gap_desktop=&#8221;10px&#8221; column_element_direction_desktop=&#8221;default&#8221; column_element_spacing=&#8221;default&#8221; desktop_text_alignment=&#8221;default&#8221; tablet_text_alignment=&#8221;default&#8221; phone_text_alignment=&#8221;default&#8221; background_color_opacity=&#8221;1&#8243; background_hover_color_opacity=&#8221;1&#8243; column_backdrop_filter=&#8221;none&#8221; column_shadow=&#8221;none&#8221; column_border_radius=&#8221;none&#8221; column_link_target=&#8221;_self&#8221; column_position=&#8221;default&#8221; gradient_direction=&#8221;left_to_right&#8221; overlay_strength=&#8221;0.3&#8243; width=&#8221;1\/4&#8243; tablet_width_inherit=&#8221;default&#8221; animation_type=&#8221;default&#8221; bg_image_animation=&#8221;none&#8221; border_type=&#8221;simple&#8221; column_border_width=&#8221;none&#8221; column_border_style=&#8221;solid&#8221;][\/vc_column][vc_column column_padding=&#8221;no-extra-padding&#8221; column_padding_tablet=&#8221;inherit&#8221; column_padding_phone=&#8221;inherit&#8221; column_padding_position=&#8221;all&#8221; flex_gap_desktop=&#8221;10px&#8221; column_element_direction_desktop=&#8221;default&#8221; column_element_spacing=&#8221;default&#8221; desktop_text_alignment=&#8221;default&#8221; tablet_text_alignment=&#8221;default&#8221; phone_text_alignment=&#8221;default&#8221; background_color_opacity=&#8221;1&#8243; background_hover_color_opacity=&#8221;1&#8243; column_backdrop_filter=&#8221;none&#8221; column_shadow=&#8221;none&#8221; column_border_radius=&#8221;none&#8221; column_link_target=&#8221;_self&#8221; column_position=&#8221;default&#8221; gradient_direction=&#8221;left_to_right&#8221; overlay_strength=&#8221;0.3&#8243; width=&#8221;1\/4&#8243; tablet_width_inherit=&#8221;default&#8221; animation_type=&#8221;default&#8221; bg_image_animation=&#8221;none&#8221; border_type=&#8221;simple&#8221; column_border_width=&#8221;none&#8221; column_border_style=&#8221;solid&#8221;][\/vc_column][\/vc_row]\n","protected":false},"excerpt":{"rendered":"<p>[vc_row type=&#8221;in_container&#8221; full_screen_row_position=&#8221;middle&#8221; column_margin=&#8221;none&#8221; equal_height=&#8221;yes&#8221; content_placement=&#8221;middle&#8221; column_direction=&#8221;default&#8221; column_direction_tablet=&#8221;default&#8221; column_direction_phone=&#8221;default&#8221; bg_color=&#8221;#ADD8E6&#8243; scene_position=&#8221;center&#8221; text_color=&#8221;dark&#8221; text_align=&#8221;left&#8221; row_border_radius=&#8221;none&#8221; row_border_radius_applies=&#8221;bg&#8221; row_position_desktop=&#8221;default&#8221; row_position_tablet=&#8221;inherit&#8221; row_position_phone=&#8221;inherit&#8221; overflow=&#8221;visible&#8221; id=&#8221;subpagebanner&#8221; overlay_strength=&#8221;0.3&#8243; gradient_direction=&#8221;left_to_right&#8221; shape_divider_position=&#8221;bottom&#8221; bg_image_animation=&#8221;none&#8221; gradient_type=&#8221;default&#8221; shape_type=&#8221;&#8221;][vc_column left_padding_desktop=&#8221;50&#8243; top_padding_tablet=&#8221;50&#8243; bottom_padding_tablet=&#8221;35&#8243; left_padding_tablet=&#8221;25&#8243;&#8230;<\/p>\n","protected":false},"author":5,"featured_media":22176,"parent":23244,"menu_order":1,"comment_status":"closed","ping_status":"closed","template":"","meta":{"_acf_changed":false,"footnotes":""},"class_list":["post-23451","page","type-page","status-publish","has-post-thumbnail"],"acf":[],"_links":{"self":[{"href":"https:\/\/varsinais-suomi.fi\/sv\/wp-json\/wp\/v2\/pages\/23451","targetHints":{"allow":["GET"]}}],"collection":[{"href":"https:\/\/varsinais-suomi.fi\/sv\/wp-json\/wp\/v2\/pages"}],"about":[{"href":"https:\/\/varsinais-suomi.fi\/sv\/wp-json\/wp\/v2\/types\/page"}],"author":[{"embeddable":true,"href":"https:\/\/varsinais-suomi.fi\/sv\/wp-json\/wp\/v2\/users\/5"}],"replies":[{"embeddable":true,"href":"https:\/\/varsinais-suomi.fi\/sv\/wp-json\/wp\/v2\/comments?post=23451"}],"version-history":[{"count":3,"href":"https:\/\/varsinais-suomi.fi\/sv\/wp-json\/wp\/v2\/pages\/23451\/revisions"}],"predecessor-version":[{"id":23838,"href":"https:\/\/varsinais-suomi.fi\/sv\/wp-json\/wp\/v2\/pages\/23451\/revisions\/23838"}],"up":[{"embeddable":true,"href":"https:\/\/varsinais-suomi.fi\/sv\/wp-json\/wp\/v2\/pages\/23244"}],"wp:featuredmedia":[{"embeddable":true,"href":"https:\/\/varsinais-suomi.fi\/sv\/wp-json\/wp\/v2\/media\/22176"}],"wp:attachment":[{"href":"https:\/\/varsinais-suomi.fi\/sv\/wp-json\/wp\/v2\/media?parent=23451"}],"curies":[{"name":"wp","href":"https:\/\/api.w.org\/{rel}","templated":true}]}}