{"id":23450,"date":"2025-11-10T14:19:33","date_gmt":"2025-11-10T12:19:33","guid":{"rendered":"https:\/\/varsinais-suomi.kajahdusdev.fi\/sjalvutvardering-av-organisationers-verksamhet\/"},"modified":"2026-03-11T13:37:22","modified_gmt":"2026-03-11T11:37:22","slug":"sjalvutvardering-av-organisationers-verksamhet","status":"publish","type":"page","link":"https:\/\/varsinais-suomi.fi\/sv\/sjalvutvardering-av-organisationers-verksamhet\/","title":{"rendered":"Sj\u00e4lvutv\u00e4rdering av organisationers verksamhet"},"content":{"rendered":"[vc_row type=&#8221;in_container&#8221; full_screen_row_position=&#8221;middle&#8221; column_margin=&#8221;default&#8221; equal_height=&#8221;yes&#8221; content_placement=&#8221;middle&#8221; column_direction=&#8221;default&#8221; column_direction_tablet=&#8221;default&#8221; column_direction_phone=&#8221;default&#8221; bg_color=&#8221;#ADD8E6&#8243; scene_position=&#8221;center&#8221; bottom_margin=&#8221;100&#8243; text_color=&#8221;dark&#8221; text_align=&#8221;left&#8221; row_border_radius=&#8221;none&#8221; row_border_radius_applies=&#8221;bg&#8221; row_position_desktop=&#8221;default&#8221; row_position_tablet=&#8221;inherit&#8221; row_position_phone=&#8221;inherit&#8221; overflow=&#8221;visible&#8221; id=&#8221;subpagebanner&#8221; overlay_strength=&#8221;0.3&#8243; gradient_direction=&#8221;left_to_right&#8221; shape_divider_position=&#8221;bottom&#8221; bg_image_animation=&#8221;none&#8221; gradient_type=&#8221;default&#8221; shape_type=&#8221;&#8221;][vc_column left_padding_desktop=&#8221;50&#8243; top_padding_tablet=&#8221;50&#8243; bottom_padding_tablet=&#8221;35&#8243; left_padding_tablet=&#8221;25&#8243; right_padding_phone=&#8221;15&#8243; flex_gap_desktop=&#8221;10px&#8221; column_element_direction_desktop=&#8221;default&#8221; column_element_spacing=&#8221;default&#8221; desktop_text_alignment=&#8221;default&#8221; tablet_text_alignment=&#8221;default&#8221; phone_text_alignment=&#8221;default&#8221; background_color_opacity=&#8221;1&#8243; background_hover_color_opacity=&#8221;1&#8243; column_backdrop_filter=&#8221;none&#8221; column_shadow=&#8221;none&#8221; column_border_radius=&#8221;none&#8221; column_link_target=&#8221;_self&#8221; column_position=&#8221;default&#8221; gradient_direction=&#8221;left_to_right&#8221; overlay_strength=&#8221;0.3&#8243; width=&#8221;2\/3&#8243; tablet_width_inherit=&#8221;default&#8221; animation_type=&#8221;default&#8221; bg_image_animation=&#8221;none&#8221; border_type=&#8221;simple&#8221; column_border_width=&#8221;none&#8221; column_border_style=&#8221;solid&#8221; column_padding_type=&#8221;advanced&#8221; gradient_type=&#8221;default&#8221;][nectar_responsive_text inherited_font_style=&#8221;default&#8221; text_color=&#8221;#003554&#8243; text_direction=&#8221;default&#8221;]\n<h1>Sj\u00e4lvutv\u00e4rdering av organisationers verksamhet<\/h1>\n[\/nectar_responsive_text][\/vc_column][vc_column column_padding=&#8221;no-extra-padding&#8221; column_padding_tablet=&#8221;padding-5-percent&#8221; column_padding_phone=&#8221;inherit&#8221; column_padding_position=&#8221;left&#8221; flex_gap_desktop=&#8221;10px&#8221; column_element_direction_desktop=&#8221;default&#8221; column_element_spacing=&#8221;default&#8221; desktop_text_alignment=&#8221;default&#8221; tablet_text_alignment=&#8221;default&#8221; phone_text_alignment=&#8221;default&#8221; background_color_opacity=&#8221;1&#8243; background_hover_color_opacity=&#8221;1&#8243; column_backdrop_filter=&#8221;none&#8221; column_shadow=&#8221;none&#8221; column_border_radius=&#8221;none&#8221; column_link_target=&#8221;_self&#8221; column_position=&#8221;default&#8221; gradient_direction=&#8221;left_to_right&#8221; overlay_strength=&#8221;0.3&#8243; width=&#8221;1\/3&#8243; tablet_width_inherit=&#8221;default&#8221; animation_type=&#8221;default&#8221; bg_image_animation=&#8221;none&#8221; border_type=&#8221;simple&#8221; column_border_width=&#8221;none&#8221; column_border_style=&#8221;solid&#8221; column_padding_type=&#8221;default&#8221; gradient_type=&#8221;default&#8221;][image_with_animation image_url=&#8221;21594&#8243; image_size=&#8221;full&#8221; max_width=&#8221;100%&#8221; max_width_mobile=&#8221;default&#8221; animation_type=&#8221;entrance&#8221; animation=&#8221;None&#8221; animation_movement_type=&#8221;transform_y&#8221; hover_animation=&#8221;none&#8221; alignment=&#8221;&#8221; border_radius=&#8221;none&#8221; box_shadow=&#8221;none&#8221; image_loading=&#8221;default&#8221; mask_enable=&#8221;true&#8221; mask_shape=&#8221;custom&#8221; mask_custom_image=&#8221;16792&#8243; mask_size=&#8221;contain&#8221; translate_y_desktop=&#8221;50&#8243; screen_reader_text=&#8221;bannerikuva&#8221;][\/vc_column][\/vc_row][vc_row type=&#8221;in_container&#8221; full_screen_row_position=&#8221;middle&#8221; column_margin=&#8221;default&#8221; column_direction=&#8221;default&#8221; column_direction_tablet=&#8221;default&#8221; column_direction_phone=&#8221;default&#8221; bg_color=&#8221;#D6ECF3&#8243; scene_position=&#8221;center&#8221; top_padding=&#8221;50&#8243; constrain_group_1=&#8221;yes&#8221; bottom_padding=&#8221;50&#8243; top_padding_tablet=&#8221;30&#8243; constrain_group_3=&#8221;yes&#8221; bottom_padding_tablet=&#8221;30&#8243; left_padding_tablet=&#8221;30&#8243; constrain_group_4=&#8221;yes&#8221; right_padding_tablet=&#8221;30&#8243; top_margin=&#8221;0&#8243; bottom_margin=&#8221;50&#8243; text_color=&#8221;dark&#8221; text_align=&#8221;left&#8221; row_border_radius=&#8221;none&#8221; row_border_radius_applies=&#8221;bg&#8221; row_position_desktop=&#8221;default&#8221; row_position_tablet=&#8221;inherit&#8221; row_position_phone=&#8221;inherit&#8221; overflow=&#8221;visible&#8221; overlay_strength=&#8221;0.3&#8243; gradient_direction=&#8221;left_to_right&#8221; shape_divider_position=&#8221;bottom&#8221; bg_image_animation=&#8221;none&#8221; gradient_type=&#8221;default&#8221; shape_type=&#8221;&#8221;][vc_column column_padding=&#8221;no-extra-padding&#8221; column_padding_tablet=&#8221;inherit&#8221; column_padding_phone=&#8221;inherit&#8221; column_padding_position=&#8221;all&#8221; flex_gap_desktop=&#8221;10px&#8221; column_element_direction_desktop=&#8221;default&#8221; column_element_spacing=&#8221;default&#8221; desktop_text_alignment=&#8221;default&#8221; tablet_text_alignment=&#8221;default&#8221; phone_text_alignment=&#8221;default&#8221; background_color_opacity=&#8221;1&#8243; background_hover_color_opacity=&#8221;1&#8243; column_backdrop_filter=&#8221;none&#8221; column_shadow=&#8221;none&#8221; column_border_radius=&#8221;none&#8221; column_link_target=&#8221;_self&#8221; column_position=&#8221;default&#8221; gradient_direction=&#8221;left_to_right&#8221; overlay_strength=&#8221;0.3&#8243; width=&#8221;1\/1&#8243; tablet_width_inherit=&#8221;default&#8221; animation_type=&#8221;default&#8221; bg_image_animation=&#8221;none&#8221; border_type=&#8221;simple&#8221; column_border_width=&#8221;none&#8221; column_border_style=&#8221;solid&#8221;][vc_row_inner column_margin=&#8221;none&#8221; column_direction=&#8221;default&#8221; column_direction_tablet=&#8221;default&#8221; column_direction_phone=&#8221;default&#8221; text_align=&#8221;left&#8221; row_position=&#8221;default&#8221; row_position_tablet=&#8221;inherit&#8221; row_position_phone=&#8221;inherit&#8221; overflow=&#8221;visible&#8221; pointer_events=&#8221;all&#8221; el_id=&#8221;centeredtextcolumn&#8221;][vc_column_inner left_padding_desktop=&#8221;50&#8243; left_padding_tablet=&#8221;0&#8243; left_padding_phone=&#8221;0&#8243; flex_gap_desktop=&#8221;10px&#8221; column_element_direction_desktop=&#8221;default&#8221; column_element_spacing=&#8221;default&#8221; desktop_text_alignment=&#8221;default&#8221; tablet_text_alignment=&#8221;default&#8221; phone_text_alignment=&#8221;default&#8221; background_color_opacity=&#8221;1&#8243; background_hover_color_opacity=&#8221;1&#8243; column_backdrop_filter=&#8221;none&#8221; column_shadow=&#8221;none&#8221; column_border_radius=&#8221;none&#8221; column_link_target=&#8221;_self&#8221; overflow=&#8221;visible&#8221; gradient_direction=&#8221;left_to_right&#8221; overlay_strength=&#8221;0.3&#8243; width=&#8221;1\/1&#8243; tablet_width_inherit=&#8221;default&#8221; animation_type=&#8221;default&#8221; bg_image_animation=&#8221;none&#8221; border_type=&#8221;simple&#8221; column_border_width=&#8221;none&#8221; column_border_style=&#8221;solid&#8221; column_padding_type=&#8221;advanced&#8221; gradient_type=&#8221;default&#8221;][nectar_responsive_text inherited_font_style=&#8221;default&#8221; text_color=&#8221;#003554&#8243; text_direction=&#8221;default&#8221;]\n<h3>Grogrund f\u00f6r framtidens akt\u00f6rer<\/h3>\n[\/nectar_responsive_text][nectar_responsive_text inherited_font_style=&#8221;default&#8221; text_color=&#8221;#003554&#8243; text_direction=&#8221;default&#8221;]Organisationssektionen inom Egentliga Finlands samarbetsgrupp har utvecklat ett sj\u00e4lvutv\u00e4rderingsverktyg f\u00f6r organisationer som v\u00e4gleder till att granska kvaliteten och f\u00f6r\u00e4ndringsflexibiliteten i den egna verksamheten. Verktyget fokuserar p\u00e5 tre v\u00e4sentliga delomr\u00e5den inom organisationsarbetet, vilka \u00e4r: <\/p>\n<ul>\n<li>organisationens kvalitet,<\/li>\n<li>engagemang i verksamheten och<\/li>\n<li>anpassning och reaktion p\u00e5 f\u00f6r\u00e4ndringar i verksamhetsmilj\u00f6n.<\/li>\n<\/ul>\n<p>&nbsp;<\/p>\n<h4>G\u00f6r f\u00f6rst en snabb sj\u00e4lvutv\u00e4rderingsenk\u00e4t!<\/h4>\n<p>De f\u00f6rsta stegen mot utv\u00e4rdering kan ni ta med hj\u00e4lp av v\u00e5r enk\u00e4t. Efter att ha genomf\u00f6rt enk\u00e4ten f\u00e5r ni en uppfattning om vilka delomr\u00e5den i er organisation som \u00e4r i skick och vilka delomr\u00e5den som det i framtiden vore viktigt att fokusera p\u00e5 att utveckla. Efter den l\u00e4tta kartl\u00e4ggningen som st\u00f6ds av enk\u00e4ten kan ni enligt ert eget behov och i er egen takt fokusera p\u00e5 de framkomna delomr\u00e5dena med hj\u00e4lp av de mer detaljerade fr\u00e5gorna i det egentliga sj\u00e4lvutv\u00e4rderingsverktyget.  <\/p>\n<p><a href=\"https:\/\/survey.zef.fi\/rojr8jfp\/index.html\" target=\"_blank\" rel=\"noopener\">G\u00f6r sj\u00e4lvutv\u00e4rderingsenk\u00e4ten f\u00f6r verksamheten!<\/a><\/p>\n<p>&nbsp;<\/p>\n<h4>Forts\u00e4tt arbetet med utvecklingstemana<\/h4>\n<p>Sj\u00e4lvutv\u00e4rderingsenk\u00e4ten ber\u00e4ttar f\u00f6r er vilka saker i er organisation eller f\u00f6rening som beh\u00f6ver utvecklingsarbete. Organisationssektionens bakgrundsmaterial hj\u00e4lper er d\u00e4refter att f\u00f6rdjupa er i \u00e4mnena med hj\u00e4lp av fr\u00e5gebatteriet. Inneh\u00e5llen kan granskas ur olika perspektiv beroende p\u00e5 organisationens struktur eller utvecklingsbehov.  <\/p>\n<ol>\n<li>Den interna utv\u00e4rderingen av organisationen kan genomf\u00f6ras ur organisationsmedlemmarnas perspektiv, ur organisationsstyrelsens perspektiv eller ur organisationens anst\u00e4lldas eller frivilligas perspektiv.<\/li>\n<li>Organisationens verksamhet kan ocks\u00e5 utv\u00e4rderas externt ur samarbetspartnernas, tj\u00e4nsternas kunders eller k\u00f6pares, regionala och riksomfattande n\u00e4tverks eller andra intressentgruppers perspektiv.<\/li>\n<li>Som utv\u00e4rderingsperspektiv kan man ocks\u00e5 ta exempelvis h\u00e5llbar utveckling, j\u00e4mst\u00e4lldhet och likabehandling, tillg\u00e4nglighet och \u00e5tkomlighet eller organisationens egna v\u00e4rderingar.<\/li>\n<\/ol>\n<p>&nbsp;<\/p>\n<p>Ur sj\u00e4lvutv\u00e4rderingsmaterialet kan man anpassat plocka de f\u00f6r den egna verksamheten i varje situation v\u00e4sentliga utv\u00e4rderingspunkterna och fr\u00e5gorna eller genomf\u00f6ra det som s\u00e5dant. Materialets syfte \u00e4r att genom utv\u00e4rdering av den egna verksamheten hj\u00e4lpa till att identifiera och dokumentera organisationens verksamhets hot, svagheter, m\u00f6jligheter och styrkor. Med hj\u00e4lp av de observationer som identifierats i verksamheten kan verksamheten utvecklas och f\u00f6rst\u00e4rkas i \u00f6nskad riktning.  <\/p>\n<p><a href=\"https:\/\/varsinais-suomi.fi\/wp-content\/uploads\/2021\/11\/Jarjeston-kestava-tulevaisuus-Itsearviointityokalu-1.pdf\" target=\"_blank\" rel=\"noopener\">Organisationens h\u00e5llbara framtid Sj\u00e4lvutv\u00e4rderingsverktyg (pdf)<\/a><\/p>\n<p>Organisationssektionen hoppas att verktyget f\u00f6r sj\u00e4lvutv\u00e4rdering av verksamheten (enk\u00e4t och bakgrundsmaterial) visar sig vara anv\u00e4ndbart och bidrar till att vi bygger ett starkt egentligfinskt organisationsf\u00e4lt och organisationssamarbete!<\/p>\n<p>Materialet har sammanst\u00e4llts \u00e5r 2023.[\/nectar_responsive_text][\/vc_column_inner][\/vc_row_inner][\/vc_column][\/vc_row]\n","protected":false},"excerpt":{"rendered":"<p>[vc_row type=&#8221;in_container&#8221; full_screen_row_position=&#8221;middle&#8221; column_margin=&#8221;default&#8221; equal_height=&#8221;yes&#8221; content_placement=&#8221;middle&#8221; column_direction=&#8221;default&#8221; column_direction_tablet=&#8221;default&#8221; column_direction_phone=&#8221;default&#8221; bg_color=&#8221;#ADD8E6&#8243; scene_position=&#8221;center&#8221; bottom_margin=&#8221;100&#8243; text_color=&#8221;dark&#8221; text_align=&#8221;left&#8221; row_border_radius=&#8221;none&#8221; row_border_radius_applies=&#8221;bg&#8221; row_position_desktop=&#8221;default&#8221; row_position_tablet=&#8221;inherit&#8221; row_position_phone=&#8221;inherit&#8221; overflow=&#8221;visible&#8221; id=&#8221;subpagebanner&#8221; overlay_strength=&#8221;0.3&#8243; gradient_direction=&#8221;left_to_right&#8221; shape_divider_position=&#8221;bottom&#8221; bg_image_animation=&#8221;none&#8221; gradient_type=&#8221;default&#8221; shape_type=&#8221;&#8221;][vc_column left_padding_desktop=&#8221;50&#8243; top_padding_tablet=&#8221;50&#8243; bottom_padding_tablet=&#8221;35&#8243;&#8230;<\/p>\n","protected":false},"author":3,"featured_media":21956,"parent":0,"menu_order":0,"comment_status":"closed","ping_status":"closed","template":"","meta":{"_acf_changed":false,"footnotes":""},"class_list":["post-23450","page","type-page","status-publish","has-post-thumbnail"],"acf":[],"_links":{"self":[{"href":"https:\/\/varsinais-suomi.fi\/sv\/wp-json\/wp\/v2\/pages\/23450","targetHints":{"allow":["GET"]}}],"collection":[{"href":"https:\/\/varsinais-suomi.fi\/sv\/wp-json\/wp\/v2\/pages"}],"about":[{"href":"https:\/\/varsinais-suomi.fi\/sv\/wp-json\/wp\/v2\/types\/page"}],"author":[{"embeddable":true,"href":"https:\/\/varsinais-suomi.fi\/sv\/wp-json\/wp\/v2\/users\/3"}],"replies":[{"embeddable":true,"href":"https:\/\/varsinais-suomi.fi\/sv\/wp-json\/wp\/v2\/comments?post=23450"}],"version-history":[{"count":1,"href":"https:\/\/varsinais-suomi.fi\/sv\/wp-json\/wp\/v2\/pages\/23450\/revisions"}],"predecessor-version":[{"id":23454,"href":"https:\/\/varsinais-suomi.fi\/sv\/wp-json\/wp\/v2\/pages\/23450\/revisions\/23454"}],"wp:featuredmedia":[{"embeddable":true,"href":"https:\/\/varsinais-suomi.fi\/sv\/wp-json\/wp\/v2\/media\/21956"}],"wp:attachment":[{"href":"https:\/\/varsinais-suomi.fi\/sv\/wp-json\/wp\/v2\/media?parent=23450"}],"curies":[{"name":"wp","href":"https:\/\/api.w.org\/{rel}","templated":true}]}}