{"id":23378,"date":"2025-11-07T06:49:32","date_gmt":"2025-11-07T04:49:32","guid":{"rendered":"https:\/\/varsinais-suomi.kajahdusdev.fi\/anmalningskanal\/"},"modified":"2026-03-11T13:37:07","modified_gmt":"2026-03-11T11:37:07","slug":"anmalningskanal","status":"publish","type":"page","link":"https:\/\/varsinais-suomi.fi\/sv\/anmalningskanal\/","title":{"rendered":"Anm\u00e4lningskanal"},"content":{"rendered":"[vc_row type=&#8221;in_container&#8221; full_screen_row_position=&#8221;middle&#8221; column_margin=&#8221;default&#8221; equal_height=&#8221;yes&#8221; content_placement=&#8221;middle&#8221; column_direction=&#8221;default&#8221; column_direction_tablet=&#8221;default&#8221; column_direction_phone=&#8221;default&#8221; bg_color=&#8221;#ADD8E6&#8243; scene_position=&#8221;center&#8221; bottom_margin=&#8221;100&#8243; text_color=&#8221;dark&#8221; text_align=&#8221;left&#8221; row_border_radius=&#8221;none&#8221; row_border_radius_applies=&#8221;bg&#8221; row_position_desktop=&#8221;default&#8221; row_position_tablet=&#8221;inherit&#8221; row_position_phone=&#8221;inherit&#8221; overflow=&#8221;visible&#8221; id=&#8221;subpagebanner&#8221; overlay_strength=&#8221;0.3&#8243; gradient_direction=&#8221;left_to_right&#8221; shape_divider_position=&#8221;bottom&#8221; bg_image_animation=&#8221;none&#8221; gradient_type=&#8221;default&#8221; shape_type=&#8221;&#8221;][vc_column left_padding_desktop=&#8221;50&#8243; top_padding_tablet=&#8221;50&#8243; bottom_padding_tablet=&#8221;35&#8243; left_padding_tablet=&#8221;25&#8243; right_padding_phone=&#8221;15&#8243; flex_gap_desktop=&#8221;10px&#8221; column_element_direction_desktop=&#8221;default&#8221; column_element_spacing=&#8221;default&#8221; desktop_text_alignment=&#8221;default&#8221; tablet_text_alignment=&#8221;default&#8221; phone_text_alignment=&#8221;default&#8221; background_color_opacity=&#8221;1&#8243; background_hover_color_opacity=&#8221;1&#8243; column_backdrop_filter=&#8221;none&#8221; column_shadow=&#8221;none&#8221; column_border_radius=&#8221;none&#8221; column_link_target=&#8221;_self&#8221; column_position=&#8221;default&#8221; gradient_direction=&#8221;left_to_right&#8221; overlay_strength=&#8221;0.3&#8243; width=&#8221;2\/3&#8243; tablet_width_inherit=&#8221;default&#8221; animation_type=&#8221;default&#8221; bg_image_animation=&#8221;none&#8221; border_type=&#8221;simple&#8221; column_border_width=&#8221;none&#8221; column_border_style=&#8221;solid&#8221; column_padding_type=&#8221;advanced&#8221; gradient_type=&#8221;default&#8221;][nectar_responsive_text inherited_font_style=&#8221;default&#8221; text_color=&#8221;#003554&#8243; text_direction=&#8221;default&#8221;]\n<h1>Egentliga Finlands f\u00f6rbunds anm\u00e4lningskanal<\/h1>\n[\/nectar_responsive_text][\/vc_column][vc_column column_padding=&#8221;no-extra-padding&#8221; column_padding_tablet=&#8221;padding-5-percent&#8221; column_padding_phone=&#8221;inherit&#8221; column_padding_position=&#8221;left&#8221; flex_gap_desktop=&#8221;10px&#8221; column_element_direction_desktop=&#8221;default&#8221; column_element_spacing=&#8221;default&#8221; desktop_text_alignment=&#8221;default&#8221; tablet_text_alignment=&#8221;default&#8221; phone_text_alignment=&#8221;default&#8221; background_color_opacity=&#8221;1&#8243; background_hover_color_opacity=&#8221;1&#8243; column_backdrop_filter=&#8221;none&#8221; column_shadow=&#8221;none&#8221; column_border_radius=&#8221;none&#8221; column_link_target=&#8221;_self&#8221; column_position=&#8221;default&#8221; gradient_direction=&#8221;left_to_right&#8221; overlay_strength=&#8221;0.3&#8243; width=&#8221;1\/3&#8243; tablet_width_inherit=&#8221;default&#8221; animation_type=&#8221;default&#8221; bg_image_animation=&#8221;none&#8221; border_type=&#8221;simple&#8221; column_border_width=&#8221;none&#8221; column_border_style=&#8221;solid&#8221; column_padding_type=&#8221;default&#8221; gradient_type=&#8221;default&#8221;][image_with_animation image_url=&#8221;16839&#8243; image_size=&#8221;full&#8221; max_width=&#8221;100%&#8221; max_width_mobile=&#8221;default&#8221; animation_type=&#8221;entrance&#8221; animation=&#8221;None&#8221; animation_movement_type=&#8221;transform_y&#8221; hover_animation=&#8221;none&#8221; alignment=&#8221;&#8221; border_radius=&#8221;none&#8221; box_shadow=&#8221;none&#8221; image_loading=&#8221;default&#8221; mask_enable=&#8221;true&#8221; mask_shape=&#8221;custom&#8221; mask_custom_image=&#8221;16792&#8243; mask_size=&#8221;contain&#8221; translate_y_desktop=&#8221;50&#8243; screen_reader_text=&#8221;bannerikuva&#8221;][\/vc_column][\/vc_row][vc_row type=&#8221;in_container&#8221; full_screen_row_position=&#8221;middle&#8221; column_margin=&#8221;default&#8221; column_direction=&#8221;default&#8221; column_direction_tablet=&#8221;default&#8221; column_direction_phone=&#8221;default&#8221; bg_color=&#8221;#D6ECF3&#8243; scene_position=&#8221;center&#8221; top_padding=&#8221;50&#8243; constrain_group_1=&#8221;yes&#8221; bottom_padding=&#8221;50&#8243; top_padding_tablet=&#8221;30&#8243; constrain_group_3=&#8221;yes&#8221; bottom_padding_tablet=&#8221;30&#8243; left_padding_tablet=&#8221;30&#8243; constrain_group_4=&#8221;yes&#8221; right_padding_tablet=&#8221;30&#8243; top_margin=&#8221;0&#8243; bottom_margin=&#8221;50&#8243; text_color=&#8221;dark&#8221; text_align=&#8221;left&#8221; row_border_radius=&#8221;none&#8221; row_border_radius_applies=&#8221;bg&#8221; row_position_desktop=&#8221;default&#8221; row_position_tablet=&#8221;inherit&#8221; row_position_phone=&#8221;inherit&#8221; overflow=&#8221;visible&#8221; overlay_strength=&#8221;0.3&#8243; gradient_direction=&#8221;left_to_right&#8221; shape_divider_position=&#8221;bottom&#8221; bg_image_animation=&#8221;none&#8221; gradient_type=&#8221;default&#8221; shape_type=&#8221;&#8221;][vc_column column_padding=&#8221;no-extra-padding&#8221; column_padding_tablet=&#8221;inherit&#8221; column_padding_phone=&#8221;inherit&#8221; column_padding_position=&#8221;all&#8221; flex_gap_desktop=&#8221;10px&#8221; column_element_direction_desktop=&#8221;default&#8221; column_element_spacing=&#8221;default&#8221; desktop_text_alignment=&#8221;default&#8221; tablet_text_alignment=&#8221;default&#8221; phone_text_alignment=&#8221;default&#8221; background_color_opacity=&#8221;1&#8243; background_hover_color_opacity=&#8221;1&#8243; column_backdrop_filter=&#8221;none&#8221; column_shadow=&#8221;none&#8221; column_border_radius=&#8221;none&#8221; column_link_target=&#8221;_self&#8221; column_position=&#8221;default&#8221; gradient_direction=&#8221;left_to_right&#8221; overlay_strength=&#8221;0.3&#8243; width=&#8221;1\/1&#8243; tablet_width_inherit=&#8221;default&#8221; animation_type=&#8221;default&#8221; bg_image_animation=&#8221;none&#8221; border_type=&#8221;simple&#8221; column_border_width=&#8221;none&#8221; column_border_style=&#8221;solid&#8221;][vc_row_inner column_margin=&#8221;none&#8221; column_direction=&#8221;default&#8221; column_direction_tablet=&#8221;default&#8221; column_direction_phone=&#8221;default&#8221; text_align=&#8221;left&#8221; row_position=&#8221;default&#8221; row_position_tablet=&#8221;inherit&#8221; row_position_phone=&#8221;inherit&#8221; overflow=&#8221;visible&#8221; pointer_events=&#8221;all&#8221; el_id=&#8221;centeredtextcolumn&#8221;][vc_column_inner left_padding_desktop=&#8221;50&#8243; left_padding_tablet=&#8221;0&#8243; left_padding_phone=&#8221;0&#8243; flex_gap_desktop=&#8221;10px&#8221; column_element_direction_desktop=&#8221;default&#8221; column_element_spacing=&#8221;default&#8221; desktop_text_alignment=&#8221;default&#8221; tablet_text_alignment=&#8221;default&#8221; phone_text_alignment=&#8221;default&#8221; background_color_opacity=&#8221;1&#8243; background_hover_color_opacity=&#8221;1&#8243; column_backdrop_filter=&#8221;none&#8221; column_shadow=&#8221;none&#8221; column_border_radius=&#8221;none&#8221; column_link_target=&#8221;_self&#8221; overflow=&#8221;visible&#8221; gradient_direction=&#8221;left_to_right&#8221; overlay_strength=&#8221;0.3&#8243; width=&#8221;1\/1&#8243; tablet_width_inherit=&#8221;default&#8221; animation_type=&#8221;default&#8221; bg_image_animation=&#8221;none&#8221; border_type=&#8221;simple&#8221; column_border_width=&#8221;none&#8221; column_border_style=&#8221;solid&#8221; column_padding_type=&#8221;advanced&#8221; gradient_type=&#8221;default&#8221;][nectar_responsive_text inherited_font_style=&#8221;default&#8221; text_color=&#8221;#003554&#8243; text_direction=&#8221;default&#8221;]\n<h3>Anm\u00e4lningskanal och ansvarsfull verksamhet<\/h3>\n[\/nectar_responsive_text][nectar_responsive_text inherited_font_style=&#8221;default&#8221; text_color=&#8221;#003554&#8243; text_direction=&#8221;default&#8221;]Egentliga Finlands f\u00f6rbund har en <a href=\"https:\/\/app.easywhistle.com\/report\/varsinais-suomenliitto\/about\" target=\"_blank\" rel=\"noopener\">whistleblowing-anm\u00e4lningskanal<\/a> d\u00e4r man kan anm\u00e4la oansvarsfull verksamhet eller missf\u00f6rh\u00e5llanden som observerats inom f\u00f6rbundet.<\/p>\n<p>Via anm\u00e4lningskanalen kan en anst\u00e4lld eller ett f\u00f6rtroendevalgt inom f\u00f6rbundet anm\u00e4la misstanke om missf\u00f6rh\u00e5llanden, brott, \u00f6vertr\u00e4delser eller f\u00f6rsummelser i anslutning till Egentliga Finlands f\u00f6rbunds verksamhet. Dessutom kan anm\u00e4lningar till anm\u00e4lningskanalen g\u00f6ras av s\u00f6kande av projektfinansiering samt av parter som deltar i genomf\u00f6randet av projekt som finansieras och genomf\u00f6rs av Egentliga Finlands f\u00f6rbund. Misstanke om missf\u00f6rh\u00e5llanden kan g\u00e4lla exempelvis:  <\/p>\n<ul>\n<li>Mutor<\/li>\n<li>Korruption<\/li>\n<li>Penningtv\u00e4tt<\/li>\n<li>Gr\u00e5 ekonomi<\/li>\n<li>Illojal konkurrens<\/li>\n<li>Milj\u00f6brott<\/li>\n<li>Arbetss\u00e4kerhet<\/li>\n<li>Dataskydd<\/li>\n<li>Arbetsf\u00f6rh\u00e5llanden<\/li>\n<li>Annan oetisk verksamhet<\/li>\n<\/ul>\n<p>&nbsp;<\/p>\n<p>Vi f\u00f6rh\u00e5ller oss allvarligt till all olaglig, oetisk och annan verksamhet som strider mot v\u00e5ra verksamhetsriktlinjer och uppmuntrar till att ta upp dessa n\u00e4r det finns grundad misstanke.<\/p>\n<p>Anm\u00e4lan kan l\u00e4mnas antingen med eget namn eller anonymt. Anm\u00e4lningskanalen hanteras av en extern partner (EasyWhistle) f\u00f6r att s\u00e4kerst\u00e4lla anonymiteten. Anm\u00e4lningsf\u00f6rfarandet \u00e4r krypterat och l\u00f6senordsskyddat. Alla anm\u00e4lningar behandlas konfidentiellt och anm\u00e4laren kan inte sp\u00e5ras. Kom ih\u00e5g att spara den identifierare du f\u00e5r fr\u00e5n systemet s\u00e5 att du kan f\u00f6lja svaret och hur handl\u00e4ggningsprocessen framskrider.    <\/p>\n<p>Inf\u00f6randet av anm\u00e4lningskanalen f\u00f6r misstankar om missf\u00f6rh\u00e5llanden baserar sig p\u00e5 EU:s Whistleblower-direktiv.<\/p>\n<p>Observera att anm\u00e4lningskanalen inte \u00e4r en responskanal utan avsedd f\u00f6r anm\u00e4lan av misstankar om missf\u00f6rh\u00e5llanden. Vanlig respons kan du ge via de kanaler som \u00e4r avsedda f\u00f6r det, genom att kontakta f\u00f6rbundets anst\u00e4llda eller genom att skicka e-post till adressen kirjaamo@varsinais-suomi.fi.[\/nectar_responsive_text][\/vc_column_inner][\/vc_row_inner][\/vc_column][\/vc_row][vc_row type=&#8221;in_container&#8221; full_screen_row_position=&#8221;middle&#8221; column_margin=&#8221;default&#8221; column_direction=&#8221;default&#8221; column_direction_tablet=&#8221;default&#8221; column_direction_phone=&#8221;default&#8221; scene_position=&#8221;center&#8221; text_color=&#8221;dark&#8221; text_align=&#8221;left&#8221; row_border_radius=&#8221;none&#8221; row_border_radius_applies=&#8221;bg&#8221; row_position_desktop=&#8221;default&#8221; row_position_tablet=&#8221;inherit&#8221; row_position_phone=&#8221;inherit&#8221; overflow=&#8221;visible&#8221; overlay_strength=&#8221;0.3&#8243; gradient_direction=&#8221;left_to_right&#8221; shape_divider_position=&#8221;bottom&#8221; bg_image_animation=&#8221;none&#8221;][vc_column column_padding=&#8221;no-extra-padding&#8221; column_padding_tablet=&#8221;inherit&#8221; column_padding_phone=&#8221;inherit&#8221; column_padding_position=&#8221;all&#8221; flex_gap_desktop=&#8221;10px&#8221; column_element_direction_desktop=&#8221;default&#8221; column_element_spacing=&#8221;default&#8221; desktop_text_alignment=&#8221;default&#8221; tablet_text_alignment=&#8221;default&#8221; phone_text_alignment=&#8221;default&#8221; background_color_opacity=&#8221;1&#8243; background_hover_color_opacity=&#8221;1&#8243; column_backdrop_filter=&#8221;none&#8221; column_shadow=&#8221;none&#8221; column_border_radius=&#8221;none&#8221; column_link_target=&#8221;_self&#8221; column_position=&#8221;default&#8221; gradient_direction=&#8221;left_to_right&#8221; overlay_strength=&#8221;0.3&#8243; width=&#8221;1\/3&#8243; tablet_width_inherit=&#8221;default&#8221; animation_type=&#8221;default&#8221; bg_image_animation=&#8221;none&#8221; border_type=&#8221;simple&#8221; column_border_width=&#8221;none&#8221; column_border_style=&#8221;solid&#8221;]<div class=\"vsliitto-contact-card vsliitto-vc-contact-card\" data-style=\"with-image\" role=\"article\" aria-labelledby=\"contact-15317\">\n\n\t<div class=\"vsliitto-contact-card-inner\">\n\t\t\t\t\t\t\t\t\t<div class=\"vsliitto-contact-card-image\">\n\t\t\t\t\t<img decoding=\"async\" width=\"300\" height=\"300\" src=\"https:\/\/varsinais-suomi.fi\/wp-content\/uploads\/2025\/11\/Maattanen_Petra-2.jpg\" class=\"contact-photo wp-post-image\" alt=\"\" srcset=\"https:\/\/varsinais-suomi.fi\/wp-content\/uploads\/2025\/11\/Maattanen_Petra-2.jpg 2000w, https:\/\/varsinais-suomi.fi\/wp-content\/uploads\/2025\/11\/Maattanen_Petra-2-150x150.jpg 150w, https:\/\/varsinais-suomi.fi\/wp-content\/uploads\/2025\/11\/Maattanen_Petra-2-500x500.jpg 500w, https:\/\/varsinais-suomi.fi\/wp-content\/uploads\/2025\/11\/Maattanen_Petra-2-1000x1000.jpg 1000w, https:\/\/varsinais-suomi.fi\/wp-content\/uploads\/2025\/11\/Maattanen_Petra-2-800x800.jpg 800w\" sizes=\"(max-width: 300px) 100vw, 300px\" \/>\t\t\t\t<\/div>\n\t\t\t\t\t\n\t\t<div class=\"vsliitto-contact-card-meta\">\n\t\t\t<h5 class=\"vsliitto-contact-card-name\" id=\"contact-15317\">\n\t\t\t\t<a href=\"https:\/\/varsinais-suomi.fi\/yhteystiedot\/petra-m%c3%a4%c3%a4tt%c3%a4nen\/\">Petra M\u00e4\u00e4tt\u00e4nen<\/a>\n\t\t\t<\/h5>\n\n\t\t\t\t\t\t\t<div class=\"vsliitto-contact-card-position\">hallintojohtaja<\/div>\n\t\t\t\n\t\t\t\t\t\t\t<div class=\"vsliitto-contact-card-department\">Hallinto<\/div>\n\t\t\t\n\t\t\t<div class=\"vsliitto-contact-card-details\">\n\t\t\t\t\t\t\t\t\t<span class=\"vsliitto-contact-card-phone\">\n\t\t\t\t\t\t<a href=\"tel:+358415025246\">\n\t\t\t\t\t\t\t+358 41 502 5246\t\t\t\t\t\t<\/a>\n\t\t\t\t\t<\/span>\n\t\t\t\t\n\t\t\t\t\t\t\t\t\t<a href=\"mailto:etunimi.sukunimi@varsinais-suomi.fi\" class=\"vsliitto-contact-card-email\">\n\t\t\t\t\t\tetunimi.sukunimi@varsinais-suomi.fi\t\t\t\t\t<\/a>\n\t\t\t\t\t\t\t<\/div>\n\t\t<\/div>\n\t<\/div>\n<\/div>\n[\/vc_column][vc_column column_padding=&#8221;no-extra-padding&#8221; column_padding_tablet=&#8221;inherit&#8221; column_padding_phone=&#8221;inherit&#8221; column_padding_position=&#8221;all&#8221; flex_gap_desktop=&#8221;10px&#8221; column_element_direction_desktop=&#8221;default&#8221; column_element_spacing=&#8221;default&#8221; desktop_text_alignment=&#8221;default&#8221; tablet_text_alignment=&#8221;default&#8221; phone_text_alignment=&#8221;default&#8221; background_color_opacity=&#8221;1&#8243; background_hover_color_opacity=&#8221;1&#8243; column_backdrop_filter=&#8221;none&#8221; column_shadow=&#8221;none&#8221; column_border_radius=&#8221;none&#8221; column_link_target=&#8221;_self&#8221; column_position=&#8221;default&#8221; gradient_direction=&#8221;left_to_right&#8221; overlay_strength=&#8221;0.3&#8243; width=&#8221;1\/3&#8243; tablet_width_inherit=&#8221;default&#8221; animation_type=&#8221;default&#8221; bg_image_animation=&#8221;none&#8221; border_type=&#8221;simple&#8221; column_border_width=&#8221;none&#8221; column_border_style=&#8221;solid&#8221;]<div class=\"vsliitto-contact-card vsliitto-vc-contact-card\" data-style=\"with-image\" role=\"article\" aria-labelledby=\"contact-15341\">\n\n\t<div class=\"vsliitto-contact-card-inner\">\n\t\t\t\t\t\t\t\t\t<div class=\"vsliitto-contact-card-image\">\n\t\t\t\t\t<img decoding=\"async\" width=\"300\" height=\"300\" src=\"https:\/\/varsinais-suomi.fi\/wp-content\/uploads\/2022\/02\/yhteystietokortti.jpg\" class=\"contact-photo wp-post-image\" alt=\"\" srcset=\"https:\/\/varsinais-suomi.fi\/wp-content\/uploads\/2022\/02\/yhteystietokortti.jpg 800w, https:\/\/varsinais-suomi.fi\/wp-content\/uploads\/2022\/02\/yhteystietokortti-150x150.jpg 150w, https:\/\/varsinais-suomi.fi\/wp-content\/uploads\/2022\/02\/yhteystietokortti-500x500.jpg 500w\" sizes=\"(max-width: 300px) 100vw, 300px\" \/>\t\t\t\t<\/div>\n\t\t\t\t\t\n\t\t<div class=\"vsliitto-contact-card-meta\">\n\t\t\t<h5 class=\"vsliitto-contact-card-name\" id=\"contact-15341\">\n\t\t\t\t<a href=\"https:\/\/varsinais-suomi.fi\/yhteystiedot\/jaana-salonen\/\">Jaana Salonen<\/a>\n\t\t\t<\/h5>\n\n\t\t\t\t\t\t\t<div class=\"vsliitto-contact-card-position\">tiedonhallinnan suunnittelija<\/div>\n\t\t\t\n\t\t\t\t\t\t\t<div class=\"vsliitto-contact-card-department\">Hallinto<\/div>\n\t\t\t\n\t\t\t<div class=\"vsliitto-contact-card-details\">\n\t\t\t\t\t\t\t\t\t<span class=\"vsliitto-contact-card-phone\">\n\t\t\t\t\t\t<a href=\"tel:+358405089007\">\n\t\t\t\t\t\t\t+ 358 40 508 9007\t\t\t\t\t\t<\/a>\n\t\t\t\t\t<\/span>\n\t\t\t\t\n\t\t\t\t\t\t\t\t\t<a href=\"mailto:etunimi.sukunimi@varsinais-suomi.fi\" class=\"vsliitto-contact-card-email\">\n\t\t\t\t\t\tetunimi.sukunimi@varsinais-suomi.fi\t\t\t\t\t<\/a>\n\t\t\t\t\t\t\t<\/div>\n\t\t<\/div>\n\t<\/div>\n<\/div>\n[\/vc_column][vc_column column_padding=&#8221;no-extra-padding&#8221; column_padding_tablet=&#8221;inherit&#8221; column_padding_phone=&#8221;inherit&#8221; column_padding_position=&#8221;all&#8221; flex_gap_desktop=&#8221;10px&#8221; column_element_direction_desktop=&#8221;default&#8221; column_element_spacing=&#8221;default&#8221; desktop_text_alignment=&#8221;default&#8221; tablet_text_alignment=&#8221;default&#8221; phone_text_alignment=&#8221;default&#8221; background_color_opacity=&#8221;1&#8243; background_hover_color_opacity=&#8221;1&#8243; column_backdrop_filter=&#8221;none&#8221; column_shadow=&#8221;none&#8221; column_border_radius=&#8221;none&#8221; column_link_target=&#8221;_self&#8221; column_position=&#8221;default&#8221; gradient_direction=&#8221;left_to_right&#8221; overlay_strength=&#8221;0.3&#8243; width=&#8221;1\/3&#8243; tablet_width_inherit=&#8221;default&#8221; animation_type=&#8221;default&#8221; bg_image_animation=&#8221;none&#8221; border_type=&#8221;simple&#8221; column_border_width=&#8221;none&#8221; column_border_style=&#8221;solid&#8221;][\/vc_column][\/vc_row]\n","protected":false},"excerpt":{"rendered":"<p>[vc_row type=&#8221;in_container&#8221; full_screen_row_position=&#8221;middle&#8221; column_margin=&#8221;default&#8221; equal_height=&#8221;yes&#8221; content_placement=&#8221;middle&#8221; column_direction=&#8221;default&#8221; column_direction_tablet=&#8221;default&#8221; column_direction_phone=&#8221;default&#8221; bg_color=&#8221;#ADD8E6&#8243; scene_position=&#8221;center&#8221; bottom_margin=&#8221;100&#8243; text_color=&#8221;dark&#8221; text_align=&#8221;left&#8221; row_border_radius=&#8221;none&#8221; row_border_radius_applies=&#8221;bg&#8221; row_position_desktop=&#8221;default&#8221; row_position_tablet=&#8221;inherit&#8221; row_position_phone=&#8221;inherit&#8221; overflow=&#8221;visible&#8221; id=&#8221;subpagebanner&#8221; overlay_strength=&#8221;0.3&#8243; gradient_direction=&#8221;left_to_right&#8221; shape_divider_position=&#8221;bottom&#8221; bg_image_animation=&#8221;none&#8221; gradient_type=&#8221;default&#8221; shape_type=&#8221;&#8221;][vc_column left_padding_desktop=&#8221;50&#8243; top_padding_tablet=&#8221;50&#8243; bottom_padding_tablet=&#8221;35&#8243;&#8230;<\/p>\n","protected":false},"author":3,"featured_media":0,"parent":0,"menu_order":0,"comment_status":"closed","ping_status":"closed","template":"","meta":{"_acf_changed":false,"footnotes":""},"class_list":["post-23378","page","type-page","status-publish"],"acf":[],"_links":{"self":[{"href":"https:\/\/varsinais-suomi.fi\/sv\/wp-json\/wp\/v2\/pages\/23378","targetHints":{"allow":["GET"]}}],"collection":[{"href":"https:\/\/varsinais-suomi.fi\/sv\/wp-json\/wp\/v2\/pages"}],"about":[{"href":"https:\/\/varsinais-suomi.fi\/sv\/wp-json\/wp\/v2\/types\/page"}],"author":[{"embeddable":true,"href":"https:\/\/varsinais-suomi.fi\/sv\/wp-json\/wp\/v2\/users\/3"}],"replies":[{"embeddable":true,"href":"https:\/\/varsinais-suomi.fi\/sv\/wp-json\/wp\/v2\/comments?post=23378"}],"version-history":[{"count":1,"href":"https:\/\/varsinais-suomi.fi\/sv\/wp-json\/wp\/v2\/pages\/23378\/revisions"}],"predecessor-version":[{"id":23382,"href":"https:\/\/varsinais-suomi.fi\/sv\/wp-json\/wp\/v2\/pages\/23378\/revisions\/23382"}],"wp:attachment":[{"href":"https:\/\/varsinais-suomi.fi\/sv\/wp-json\/wp\/v2\/media?parent=23378"}],"curies":[{"name":"wp","href":"https:\/\/api.w.org\/{rel}","templated":true}]}}