{"id":22055,"date":"2025-11-10T15:01:17","date_gmt":"2025-11-10T13:01:17","guid":{"rendered":"https:\/\/varsinais-suomi.kajahdusdev.fi\/checklista-for-kommunsamarbete-for-foreningar\/"},"modified":"2026-03-11T12:06:57","modified_gmt":"2026-03-11T10:06:57","slug":"checklista-for-kommunsamarbete-for-foreningar","status":"publish","type":"page","link":"https:\/\/varsinais-suomi.fi\/sv\/checklista-for-kommunsamarbete-for-foreningar\/","title":{"rendered":"Checklista f\u00f6r kommunsamarbete f\u00f6r f\u00f6reningar"},"content":{"rendered":"[vc_row type=&#8221;in_container&#8221; full_screen_row_position=&#8221;middle&#8221; column_margin=&#8221;default&#8221; equal_height=&#8221;yes&#8221; content_placement=&#8221;middle&#8221; column_direction=&#8221;default&#8221; column_direction_tablet=&#8221;default&#8221; column_direction_phone=&#8221;default&#8221; bg_color=&#8221;#ADD8E6&#8243; scene_position=&#8221;center&#8221; bottom_margin=&#8221;100&#8243; text_color=&#8221;dark&#8221; text_align=&#8221;left&#8221; row_border_radius=&#8221;none&#8221; row_border_radius_applies=&#8221;bg&#8221; row_position_desktop=&#8221;default&#8221; row_position_tablet=&#8221;inherit&#8221; row_position_phone=&#8221;inherit&#8221; overflow=&#8221;visible&#8221; id=&#8221;subpagebanner&#8221; overlay_strength=&#8221;0.3&#8243; gradient_direction=&#8221;left_to_right&#8221; shape_divider_position=&#8221;bottom&#8221; bg_image_animation=&#8221;none&#8221; gradient_type=&#8221;default&#8221; shape_type=&#8221;&#8221;][vc_column left_padding_desktop=&#8221;50&#8243; top_padding_tablet=&#8221;50&#8243; bottom_padding_tablet=&#8221;35&#8243; left_padding_tablet=&#8221;25&#8243; right_padding_phone=&#8221;15&#8243; flex_gap_desktop=&#8221;10px&#8221; column_element_direction_desktop=&#8221;default&#8221; column_element_spacing=&#8221;default&#8221; desktop_text_alignment=&#8221;default&#8221; tablet_text_alignment=&#8221;default&#8221; phone_text_alignment=&#8221;default&#8221; background_color_opacity=&#8221;1&#8243; background_hover_color_opacity=&#8221;1&#8243; column_backdrop_filter=&#8221;none&#8221; column_shadow=&#8221;none&#8221; column_border_radius=&#8221;none&#8221; column_link_target=&#8221;_self&#8221; column_position=&#8221;default&#8221; gradient_direction=&#8221;left_to_right&#8221; overlay_strength=&#8221;0.3&#8243; width=&#8221;2\/3&#8243; tablet_width_inherit=&#8221;default&#8221; animation_type=&#8221;default&#8221; bg_image_animation=&#8221;none&#8221; border_type=&#8221;simple&#8221; column_border_width=&#8221;none&#8221; column_border_style=&#8221;solid&#8221; column_padding_type=&#8221;advanced&#8221; gradient_type=&#8221;default&#8221;][nectar_responsive_text inherited_font_style=&#8221;default&#8221; text_color=&#8221;#003554&#8243; text_direction=&#8221;default&#8221;]\n<h1 class=\"page__heading\">Checklista f\u00f6r kommunsamarbete f\u00f6r f\u00f6reningar<\/h1>\n[\/nectar_responsive_text][\/vc_column][vc_column column_padding=&#8221;no-extra-padding&#8221; column_padding_tablet=&#8221;padding-5-percent&#8221; column_padding_phone=&#8221;inherit&#8221; column_padding_position=&#8221;left&#8221; flex_gap_desktop=&#8221;10px&#8221; column_element_direction_desktop=&#8221;default&#8221; column_element_spacing=&#8221;default&#8221; desktop_text_alignment=&#8221;default&#8221; tablet_text_alignment=&#8221;default&#8221; phone_text_alignment=&#8221;default&#8221; background_color_opacity=&#8221;1&#8243; background_hover_color_opacity=&#8221;1&#8243; column_backdrop_filter=&#8221;none&#8221; column_shadow=&#8221;none&#8221; column_border_radius=&#8221;none&#8221; column_link_target=&#8221;_self&#8221; column_position=&#8221;default&#8221; gradient_direction=&#8221;left_to_right&#8221; overlay_strength=&#8221;0.3&#8243; width=&#8221;1\/3&#8243; tablet_width_inherit=&#8221;default&#8221; animation_type=&#8221;default&#8221; bg_image_animation=&#8221;none&#8221; border_type=&#8221;simple&#8221; column_border_width=&#8221;none&#8221; column_border_style=&#8221;solid&#8221; column_padding_type=&#8221;default&#8221; gradient_type=&#8221;default&#8221;][image_with_animation image_url=&#8221;21594&#8243; image_size=&#8221;full&#8221; max_width=&#8221;100%&#8221; max_width_mobile=&#8221;default&#8221; animation_type=&#8221;entrance&#8221; animation=&#8221;None&#8221; animation_movement_type=&#8221;transform_y&#8221; hover_animation=&#8221;none&#8221; alignment=&#8221;&#8221; border_radius=&#8221;none&#8221; box_shadow=&#8221;none&#8221; image_loading=&#8221;default&#8221; mask_enable=&#8221;true&#8221; mask_shape=&#8221;custom&#8221; mask_custom_image=&#8221;16792&#8243; mask_size=&#8221;contain&#8221; translate_y_desktop=&#8221;50&#8243; screen_reader_text=&#8221;bannerikuva&#8221;][\/vc_column][\/vc_row][vc_row type=&#8221;in_container&#8221; full_screen_row_position=&#8221;middle&#8221; column_margin=&#8221;default&#8221; column_direction=&#8221;default&#8221; column_direction_tablet=&#8221;default&#8221; column_direction_phone=&#8221;default&#8221; bg_color=&#8221;#D6ECF3&#8243; scene_position=&#8221;center&#8221; top_padding=&#8221;50&#8243; constrain_group_1=&#8221;yes&#8221; bottom_padding=&#8221;50&#8243; top_padding_tablet=&#8221;30&#8243; constrain_group_3=&#8221;yes&#8221; bottom_padding_tablet=&#8221;30&#8243; left_padding_tablet=&#8221;30&#8243; constrain_group_4=&#8221;yes&#8221; right_padding_tablet=&#8221;30&#8243; top_margin=&#8221;0&#8243; bottom_margin=&#8221;50&#8243; text_color=&#8221;dark&#8221; text_align=&#8221;left&#8221; row_border_radius=&#8221;none&#8221; row_border_radius_applies=&#8221;bg&#8221; row_position_desktop=&#8221;default&#8221; row_position_tablet=&#8221;inherit&#8221; row_position_phone=&#8221;inherit&#8221; overflow=&#8221;visible&#8221; overlay_strength=&#8221;0.3&#8243; gradient_direction=&#8221;left_to_right&#8221; shape_divider_position=&#8221;bottom&#8221; bg_image_animation=&#8221;none&#8221; gradient_type=&#8221;default&#8221; shape_type=&#8221;&#8221;][vc_column column_padding=&#8221;no-extra-padding&#8221; column_padding_tablet=&#8221;inherit&#8221; column_padding_phone=&#8221;inherit&#8221; column_padding_position=&#8221;all&#8221; flex_gap_desktop=&#8221;10px&#8221; column_element_direction_desktop=&#8221;default&#8221; column_element_spacing=&#8221;default&#8221; desktop_text_alignment=&#8221;default&#8221; tablet_text_alignment=&#8221;default&#8221; phone_text_alignment=&#8221;default&#8221; background_color_opacity=&#8221;1&#8243; background_hover_color_opacity=&#8221;1&#8243; column_backdrop_filter=&#8221;none&#8221; column_shadow=&#8221;none&#8221; column_border_radius=&#8221;none&#8221; column_link_target=&#8221;_self&#8221; column_position=&#8221;default&#8221; gradient_direction=&#8221;left_to_right&#8221; overlay_strength=&#8221;0.3&#8243; width=&#8221;1\/1&#8243; tablet_width_inherit=&#8221;default&#8221; animation_type=&#8221;default&#8221; bg_image_animation=&#8221;none&#8221; border_type=&#8221;simple&#8221; column_border_width=&#8221;none&#8221; column_border_style=&#8221;solid&#8221;][vc_row_inner column_margin=&#8221;none&#8221; column_direction=&#8221;default&#8221; column_direction_tablet=&#8221;default&#8221; column_direction_phone=&#8221;default&#8221; text_align=&#8221;left&#8221; row_position=&#8221;default&#8221; row_position_tablet=&#8221;inherit&#8221; row_position_phone=&#8221;inherit&#8221; overflow=&#8221;visible&#8221; pointer_events=&#8221;all&#8221; el_id=&#8221;centeredtextcolumn&#8221;][vc_column_inner left_padding_desktop=&#8221;50&#8243; left_padding_tablet=&#8221;0&#8243; left_padding_phone=&#8221;0&#8243; flex_gap_desktop=&#8221;10px&#8221; column_element_direction_desktop=&#8221;default&#8221; column_element_spacing=&#8221;default&#8221; desktop_text_alignment=&#8221;default&#8221; tablet_text_alignment=&#8221;default&#8221; phone_text_alignment=&#8221;default&#8221; background_color_opacity=&#8221;1&#8243; background_hover_color_opacity=&#8221;1&#8243; column_backdrop_filter=&#8221;none&#8221; column_shadow=&#8221;none&#8221; column_border_radius=&#8221;none&#8221; column_link_target=&#8221;_self&#8221; overflow=&#8221;visible&#8221; gradient_direction=&#8221;left_to_right&#8221; overlay_strength=&#8221;0.3&#8243; width=&#8221;1\/1&#8243; tablet_width_inherit=&#8221;default&#8221; animation_type=&#8221;default&#8221; bg_image_animation=&#8221;none&#8221; border_type=&#8221;simple&#8221; column_border_width=&#8221;none&#8221; column_border_style=&#8221;solid&#8221; column_padding_type=&#8221;advanced&#8221; gradient_type=&#8221;default&#8221;][nectar_responsive_text inherited_font_style=&#8221;default&#8221; text_color=&#8221;#003554&#8243; text_direction=&#8221;default&#8221;]\n<h3>Grogrund f\u00f6r framtidens akt\u00f6rer<\/h3>\n[\/nectar_responsive_text][nectar_responsive_text inherited_font_style=&#8221;default&#8221; text_color=&#8221;#003554&#8243; text_direction=&#8221;default&#8221;]Checklistan f\u00f6r kommunsamarbete f\u00f6r f\u00f6reningar st\u00f6der f\u00f6reningars och organisationers samarbete med kommunerna: fr\u00e5n egen verksamhet till j\u00e4mlikt partnerskap! Detta material i fyra delar samlar de fr\u00e5gor som en organisation och f\u00f6rening b\u00f6r uppm\u00e4rksamma som grund f\u00f6r att bygga ett gott kommunsamarbete. <\/p>\n<ul>\n<li>S\u00e4kerst\u00e4ll f\u00f6reningens kvalitativa verksamhet: s\u00e4kerst\u00e4ll att f\u00f6reningens grundl\u00e4ggande angel\u00e4genheter har omh\u00e4ndertagits systematiskt och m\u00e5linriktat. P\u00e5 s\u00e5 s\u00e4tt vet du sj\u00e4lv att sakerna \u00e4r i sin ordning och f\u00f6reningen framst\u00e5r som en p\u00e5litlig partner f\u00f6r andra. <\/li>\n<li>Bekanta dig med den blivande samarbetspartnern: genom att s\u00e4tta dig in i kommunens verksamhetsomr\u00e5den, beslutsfattande och redan \u00f6verenskomna verksamhetss\u00e4tt bygger du samarbete med beaktande av kommunens \u00f6nskem\u00e5l, kan tidsplanera din egen verksamhet och kommer snabbare till saken i diskussionen.<\/li>\n<li>Klarg\u00f6r f\u00f6reningens m\u00e5l och \u00f6nskem\u00e5l: st\u00f6d eller partnerskap? Vad \u00e4r er f\u00f6renings m\u00e5l i kommunsamarbetet? Beh\u00f6ver ni st\u00f6d fr\u00e5n kommunen f\u00f6r er verksamhet eller vill ni bedriva j\u00e4mlikt samarbete? N\u00e4r ni sj\u00e4lva vet vad som beh\u00f6vs, med vilka medel och vilken nytta ni efterstr\u00e4var, kan ni formulera samarbetsf\u00f6rslagen tydligt, m\u00e5linriktat och begripligt.   <\/li>\n<li>Erbjud f\u00f6reningens kompetens och expertis f\u00f6r kommunens bruk och p\u00e5verka! F\u00f6reningen kan ha m\u00e5nga olika m\u00f6jligheter att p\u00e5verka kommunens beslutsfattande. <\/li>\n<\/ul>\n<p>&nbsp;<\/p>\n<p><a href=\"https:\/\/varsinais-suomi.fi\/wp-content\/uploads\/2021\/11\/Kuntayhteistyon-tarkistuslista-jarjestoille.pdf\">Checklista f\u00f6r kommunsamarbete f\u00f6r organisationer (pdf)<\/a><\/p>\n<p>&nbsp;<\/p>\n<p>Materialet har producerats av Egentliga Finlands landskaps samarbetsgrupps organisationssektion \u00e5r 2021.[\/nectar_responsive_text][\/vc_column_inner][\/vc_row_inner][\/vc_column][\/vc_row]\n","protected":false},"excerpt":{"rendered":"<p>[vc_row type=&#8221;in_container&#8221; full_screen_row_position=&#8221;middle&#8221; column_margin=&#8221;default&#8221; equal_height=&#8221;yes&#8221; content_placement=&#8221;middle&#8221; column_direction=&#8221;default&#8221; column_direction_tablet=&#8221;default&#8221; column_direction_phone=&#8221;default&#8221; bg_color=&#8221;#ADD8E6&#8243; scene_position=&#8221;center&#8221; bottom_margin=&#8221;100&#8243; text_color=&#8221;dark&#8221; text_align=&#8221;left&#8221; row_border_radius=&#8221;none&#8221; row_border_radius_applies=&#8221;bg&#8221; row_position_desktop=&#8221;default&#8221; row_position_tablet=&#8221;inherit&#8221; row_position_phone=&#8221;inherit&#8221; overflow=&#8221;visible&#8221; id=&#8221;subpagebanner&#8221; overlay_strength=&#8221;0.3&#8243; gradient_direction=&#8221;left_to_right&#8221; shape_divider_position=&#8221;bottom&#8221; bg_image_animation=&#8221;none&#8221; gradient_type=&#8221;default&#8221; shape_type=&#8221;&#8221;][vc_column left_padding_desktop=&#8221;50&#8243; top_padding_tablet=&#8221;50&#8243; bottom_padding_tablet=&#8221;35&#8243;&#8230;<\/p>\n","protected":false},"author":3,"featured_media":21956,"parent":0,"menu_order":0,"comment_status":"closed","ping_status":"closed","template":"","meta":{"_acf_changed":false,"footnotes":""},"class_list":["post-22055","page","type-page","status-publish","has-post-thumbnail"],"acf":[],"_links":{"self":[{"href":"https:\/\/varsinais-suomi.fi\/sv\/wp-json\/wp\/v2\/pages\/22055","targetHints":{"allow":["GET"]}}],"collection":[{"href":"https:\/\/varsinais-suomi.fi\/sv\/wp-json\/wp\/v2\/pages"}],"about":[{"href":"https:\/\/varsinais-suomi.fi\/sv\/wp-json\/wp\/v2\/types\/page"}],"author":[{"embeddable":true,"href":"https:\/\/varsinais-suomi.fi\/sv\/wp-json\/wp\/v2\/users\/3"}],"replies":[{"embeddable":true,"href":"https:\/\/varsinais-suomi.fi\/sv\/wp-json\/wp\/v2\/comments?post=22055"}],"version-history":[{"count":4,"href":"https:\/\/varsinais-suomi.fi\/sv\/wp-json\/wp\/v2\/pages\/22055\/revisions"}],"predecessor-version":[{"id":22061,"href":"https:\/\/varsinais-suomi.fi\/sv\/wp-json\/wp\/v2\/pages\/22055\/revisions\/22061"}],"wp:featuredmedia":[{"embeddable":true,"href":"https:\/\/varsinais-suomi.fi\/sv\/wp-json\/wp\/v2\/media\/21956"}],"wp:attachment":[{"href":"https:\/\/varsinais-suomi.fi\/sv\/wp-json\/wp\/v2\/media?parent=22055"}],"curies":[{"name":"wp","href":"https:\/\/api.w.org\/{rel}","templated":true}]}}